{"id":206,"date":"2023-08-29T16:06:22","date_gmt":"2023-08-29T14:06:22","guid":{"rendered":"http:\/\/lestontonsmangeurs.fr\/?page_id=206"},"modified":"2025-02-21T12:32:11","modified_gmt":"2025-02-21T11:32:11","slug":"mentions-legales","status":"publish","type":"page","link":"https:\/\/lestontonsmangeurs.fr\/index.php\/mentions-legales\/","title":{"rendered":"Mentions l\u00e9gales"},"content":{"rendered":"[vc_row type=\u00a0\u00bbin_container\u00a0\u00bb full_screen_row_position=\u00a0\u00bbmiddle\u00a0\u00bb column_margin=\u00a0\u00bbdefault\u00a0\u00bb column_direction=\u00a0\u00bbdefault\u00a0\u00bb column_direction_tablet=\u00a0\u00bbdefault\u00a0\u00bb column_direction_phone=\u00a0\u00bbdefault\u00a0\u00bb scene_position=\u00a0\u00bbcenter\u00a0\u00bb text_color=\u00a0\u00bbdark\u00a0\u00bb text_align=\u00a0\u00bbleft\u00a0\u00bb row_border_radius=\u00a0\u00bbnone\u00a0\u00bb row_border_radius_applies=\u00a0\u00bbbg\u00a0\u00bb overflow=\u00a0\u00bbvisible\u00a0\u00bb overlay_strength=\u00a0\u00bb0.3&Prime; gradient_direction=\u00a0\u00bbleft_to_right\u00a0\u00bb shape_divider_position=\u00a0\u00bbbottom\u00a0\u00bb bg_image_animation=\u00a0\u00bbnone\u00a0\u00bb][vc_column column_padding=\u00a0\u00bbno-extra-padding\u00a0\u00bb column_padding_tablet=\u00a0\u00bbinherit\u00a0\u00bb column_padding_phone=\u00a0\u00bbinherit\u00a0\u00bb column_padding_position=\u00a0\u00bball\u00a0\u00bb column_element_direction_desktop=\u00a0\u00bbdefault\u00a0\u00bb column_element_spacing=\u00a0\u00bbdefault\u00a0\u00bb desktop_text_alignment=\u00a0\u00bbdefault\u00a0\u00bb tablet_text_alignment=\u00a0\u00bbdefault\u00a0\u00bb phone_text_alignment=\u00a0\u00bbdefault\u00a0\u00bb background_color_opacity=\u00a0\u00bb1&Prime; background_hover_color_opacity=\u00a0\u00bb1&Prime; column_backdrop_filter=\u00a0\u00bbnone\u00a0\u00bb column_shadow=\u00a0\u00bbnone\u00a0\u00bb column_border_radius=\u00a0\u00bbnone\u00a0\u00bb column_link_target=\u00a0\u00bb_self\u00a0\u00bb column_position=\u00a0\u00bbdefault\u00a0\u00bb gradient_direction=\u00a0\u00bbleft_to_right\u00a0\u00bb overlay_strength=\u00a0\u00bb0.3&Prime; width=\u00a0\u00bb1\/1&Prime; tablet_width_inherit=\u00a0\u00bbdefault\u00a0\u00bb animation_type=\u00a0\u00bbdefault\u00a0\u00bb bg_image_animation=\u00a0\u00bbnone\u00a0\u00bb border_type=\u00a0\u00bbsimple\u00a0\u00bb column_border_width=\u00a0\u00bbnone\u00a0\u00bb column_border_style=\u00a0\u00bbsolid\u00a0\u00bb][vc_column_text]\n<p>&nbsp;<\/p>\n<div class=\"l-section\">\n<div class=\"l-container\">\n<div class=\"c-content\">\n<div class=\"c-content__text c-content__text--left\">\n<div class=\"c-content__textinner\">\n<h2 class=\"wp-block-heading\">Soci\u00e9t\u00e9<\/h2>\n<p>Les Tontons Mangeurs,\u00a0 SAS Carlotta<\/p>\n<p>SIREN :<br \/>Code APE<\/p>\n<h2>Si\u00e8ge social<\/h2>\n<p>2 Av. de la Chaussairie,<br \/>35131 Chartres-de-Bretagne<br \/>02 30 96 94 01<\/p>\n<h2>Directeur de publication<\/h2>\n<p>Samuel Burgos et Bastien Gorju<\/p>\n<h2>D\u00e9l\u00e9gu\u00e9 \u00e0 la protection des donn\u00e9es<\/h2>\n<p>Samuel Burgos et Bastien Gorju<\/p>\n<h2>Responsable du traitement des donn\u00e9es<\/h2>\n<p>Samuel Burgos et Bastien Gorju<\/p>\n<h2>Cr\u00e9ation du site web<\/h2>\n<h2>Conception<\/h2>\n<p><a href=\"http:\/\/land.studio\">land.studio<\/a><\/p>\n<h2>WebDesign<\/h2>\n<p><a href=\"http:\/\/land.studio\">land.studio<\/a><\/p>\n<h2>D\u00e9veloppement<\/h2>\n<p><a href=\"http:\/\/land.studio\">land.studio<\/a><\/p>\n<h2>H\u00e9bergement<\/h2>\n<p>OVH<br \/>2 rue Kellermann, 59100 Roubaix<\/p>\n<h2>Cr\u00e9dits photos<\/h2>\n<p>\u00a9 Pexels &#8211; pavel danilyuk, ron lach, cottonbro studio, kyle roxas, yente van eynde, saundarya srinivasan<\/p>\n<p>\u00a9 Shutterstock &#8211; Rawpixel.com<\/p>\n<p>\u00a9 Wikimedia Commons Lapin74jp Manuperez &#8211; Studio Harcourt<\/p>\n<p>\u00a9 Studio Landeau<\/p>\n<h2>Protection des donn\u00e9es personnelles<\/h2>\n<p>Pour en savoir plus sur notre politique en mati\u00e8re de donn\u00e9es personnelles, nous vous invitons \u00e0 consulter notre\u00a0<a href=\"https:\/\/lestontonsmangeurs.fr\/index.php\/politique-de-confidentialite\/\">politique de confidentialit\u00e9<\/a>.<\/p>\n<\/div>\n<\/div>\n<\/div>\n<\/div>\n<\/div>\n<p>&nbsp;<\/p>\n<footer id=\"footer\" class=\"l-footer\">\n<div class=\"l-footer__wrapper\">\n<div class=\"l-container l-footer__container\">\n<div class=\"l-footer__left\">\u00a0<\/div>\n<div class=\"l-footer__right\">\n<p>&nbsp;<\/p>\n<\/div>\n<\/div>\n<\/div>\n<\/footer>\n[\/vc_column_text][\/vc_column][\/vc_row]\n","protected":false},"excerpt":{"rendered":"<p>[vc_row type=\u00a0\u00bbin_container\u00a0\u00bb full_screen_row_position=\u00a0\u00bbmiddle\u00a0\u00bb column_margin=\u00a0\u00bbdefault\u00a0\u00bb column_direction=\u00a0\u00bbdefault\u00a0\u00bb column_direction_tablet=\u00a0\u00bbdefault\u00a0\u00bb column_direction_phone=\u00a0\u00bbdefault\u00a0\u00bb scene_position=\u00a0\u00bbcenter\u00a0\u00bb text_color=\u00a0\u00bbdark\u00a0\u00bb text_align=\u00a0\u00bbleft\u00a0\u00bb row_border_radius=\u00a0\u00bbnone\u00a0\u00bb row_border_radius_applies=\u00a0\u00bbbg\u00a0\u00bb overflow=\u00a0\u00bbvisible\u00a0\u00bb overlay_strength=\u00a0\u00bb0.3&Prime; gradient_direction=\u00a0\u00bbleft_to_right\u00a0\u00bb shape_divider_position=\u00a0\u00bbbottom\u00a0\u00bb bg_image_animation=\u00a0\u00bbnone\u00a0\u00bb][vc_column column_padding=\u00a0\u00bbno-extra-padding\u00a0\u00bb column_padding_tablet=\u00a0\u00bbinherit\u00a0\u00bb column_padding_phone=\u00a0\u00bbinherit\u00a0\u00bb column_padding_position=\u00a0\u00bball\u00a0\u00bb column_element_direction_desktop=\u00a0\u00bbdefault\u00a0\u00bb column_element_spacing=\u00a0\u00bbdefault\u00a0\u00bb desktop_text_alignment=\u00a0\u00bbdefault\u00a0\u00bb tablet_text_alignment=\u00a0\u00bbdefault\u00a0\u00bb phone_text_alignment=\u00a0\u00bbdefault\u00a0\u00bb background_color_opacity=\u00a0\u00bb1&Prime; background_hover_color_opacity=\u00a0\u00bb1&Prime; column_backdrop_filter=\u00a0\u00bbnone\u00a0\u00bb column_shadow=\u00a0\u00bbnone\u00a0\u00bb&#8230;<\/p>\n","protected":false},"author":1,"featured_media":0,"parent":0,"menu_order":0,"comment_status":"closed","ping_status":"closed","template":"","meta":{"footnotes":""},"class_list":["post-206","page","type-page","status-publish"],"_links":{"self":[{"href":"https:\/\/lestontonsmangeurs.fr\/index.php\/wp-json\/wp\/v2\/pages\/206","targetHints":{"allow":["GET"]}}],"collection":[{"href":"https:\/\/lestontonsmangeurs.fr\/index.php\/wp-json\/wp\/v2\/pages"}],"about":[{"href":"https:\/\/lestontonsmangeurs.fr\/index.php\/wp-json\/wp\/v2\/types\/page"}],"author":[{"embeddable":true,"href":"https:\/\/lestontonsmangeurs.fr\/index.php\/wp-json\/wp\/v2\/users\/1"}],"replies":[{"embeddable":true,"href":"https:\/\/lestontonsmangeurs.fr\/index.php\/wp-json\/wp\/v2\/comments?post=206"}],"version-history":[{"count":5,"href":"https:\/\/lestontonsmangeurs.fr\/index.php\/wp-json\/wp\/v2\/pages\/206\/revisions"}],"predecessor-version":[{"id":416,"href":"https:\/\/lestontonsmangeurs.fr\/index.php\/wp-json\/wp\/v2\/pages\/206\/revisions\/416"}],"wp:attachment":[{"href":"https:\/\/lestontonsmangeurs.fr\/index.php\/wp-json\/wp\/v2\/media?parent=206"}],"curies":[{"name":"wp","href":"https:\/\/api.w.org\/{rel}","templated":true}]}}